{"id":1367,"date":"2022-02-01T12:45:50","date_gmt":"2022-02-01T11:45:50","guid":{"rendered":"https:\/\/shop.bsm.upf.edu\/tienda\/usb-eco-16gb\/"},"modified":"2025-01-14T14:20:55","modified_gmt":"2025-01-14T13:20:55","slug":"usb-eco-16gb","status":"publish","type":"product","link":"https:\/\/shop.bsm.upf.edu\/ca\/botigues\/usb-eco-16gb\/","title":{"rendered":"USB eco 16GB"},"content":{"rendered":"<div class=\"product-description-wrapper\">Mem\u00f2ria USB de 16 GB de capacitat ecol\u00f2gic amb logotip UPF-BSM en vermell.<\/div>\n<div><\/div>\n<div class=\"product-description-wrapper\">El nostre USB est\u00e0 <strong>fabricat en canya de blat<\/strong>, per aix\u00ed fomentar la utilitzaci\u00f3 de mat\u00e8ries primeres naturals i reduir les emissions contaminants, de mecanisme giratori. Presentada en estoig individual de disseny eco.<\/div>\n<div><\/div>\n<p><strong>Capacitat:<\/strong> 16gb | <strong>Mesures:<\/strong> 1.7 x 5.9 x 0.9 cm<\/p>\n<p><img decoding=\"async\" class=\"red-icon producto-icon wp-image-568\" title=\"ECO!\" src=\"https:\/\/shop.bsm.upf.edu\/wp-content\/uploads\/2022\/02\/icono-sostenible-1.svg\" alt=\"\" width=\"50\" height=\"50\" \/><\/p>\n","protected":false},"excerpt":{"rendered":"<p>Mem\u00f2ria USB de 16 GB de canya de blat.<\/p>\n","protected":false},"featured_media":894,"template":"","meta":{"ocean_post_layout":"","ocean_both_sidebars_style":"","ocean_both_sidebars_content_width":0,"ocean_both_sidebars_sidebars_width":0,"ocean_sidebar":"0","ocean_second_sidebar":"0","ocean_disable_margins":"enable","ocean_add_body_class":"","ocean_shortcode_before_top_bar":"","ocean_shortcode_after_top_bar":"","ocean_shortcode_before_header":"","ocean_shortcode_after_header":"","ocean_has_shortcode":"","ocean_shortcode_after_title":"","ocean_shortcode_before_footer_widgets":"","ocean_shortcode_after_footer_widgets":"","ocean_shortcode_before_footer_bottom":"","ocean_shortcode_after_footer_bottom":"","ocean_display_top_bar":"default","ocean_display_header":"default","ocean_header_style":"","ocean_center_header_left_menu":"0","ocean_custom_header_template":"0","ocean_custom_logo":0,"ocean_custom_retina_logo":0,"ocean_custom_logo_max_width":0,"ocean_custom_logo_tablet_max_width":0,"ocean_custom_logo_mobile_max_width":0,"ocean_custom_logo_max_height":0,"ocean_custom_logo_tablet_max_height":0,"ocean_custom_logo_mobile_max_height":0,"ocean_header_custom_menu":"0","ocean_menu_typo_font_family":"0","ocean_menu_typo_font_subset":"","ocean_menu_typo_font_size":0,"ocean_menu_typo_font_size_tablet":0,"ocean_menu_typo_font_size_mobile":0,"ocean_menu_typo_font_size_unit":"px","ocean_menu_typo_font_weight":"","ocean_menu_typo_font_weight_tablet":"","ocean_menu_typo_font_weight_mobile":"","ocean_menu_typo_transform":"","ocean_menu_typo_transform_tablet":"","ocean_menu_typo_transform_mobile":"","ocean_menu_typo_line_height":0,"ocean_menu_typo_line_height_tablet":0,"ocean_menu_typo_line_height_mobile":0,"ocean_menu_typo_line_height_unit":"","ocean_menu_typo_spacing":0,"ocean_menu_typo_spacing_tablet":0,"ocean_menu_typo_spacing_mobile":0,"ocean_menu_typo_spacing_unit":"","ocean_menu_link_color":"","ocean_menu_link_color_hover":"","ocean_menu_link_color_active":"","ocean_menu_link_background":"","ocean_menu_link_hover_background":"","ocean_menu_link_active_background":"","ocean_menu_social_links_bg":"","ocean_menu_social_hover_links_bg":"","ocean_menu_social_links_color":"","ocean_menu_social_hover_links_color":"","ocean_disable_title":"default","ocean_disable_heading":"default","ocean_post_title":"","ocean_post_subheading":"","ocean_post_title_style":"","ocean_post_title_background_color":"","ocean_post_title_background":0,"ocean_post_title_bg_image_position":"","ocean_post_title_bg_image_attachment":"","ocean_post_title_bg_image_repeat":"","ocean_post_title_bg_image_size":"","ocean_post_title_height":0,"ocean_post_title_bg_overlay":0.5,"ocean_post_title_bg_overlay_color":"","ocean_disable_breadcrumbs":"default","ocean_breadcrumbs_color":"","ocean_breadcrumbs_separator_color":"","ocean_breadcrumbs_links_color":"","ocean_breadcrumbs_links_hover_color":"","ocean_display_footer_widgets":"default","ocean_display_footer_bottom":"default","ocean_custom_footer_template":"0"},"product_brand":[],"product_cat":[45],"product_tag":[],"class_list":{"0":"post-1367","1":"product","2":"type-product","3":"status-publish","4":"has-post-thumbnail","6":"product_cat-complements","8":"entry","9":"has-media","11":"first","12":"instock","13":"taxable","14":"shipping-taxable","15":"purchasable","16":"product-type-simple","17":"col","18":"span_1_of_4","19":"owp-content-left","20":"item-entry","21":"owp-thumbs-layout-horizontal","22":"owp-btn-normal","23":"owp-tabs-layout-section","24":"has-no-thumbnails"},"yoast_head":"<!-- This site is optimized with the Yoast SEO plugin v25.5 - https:\/\/yoast.com\/wordpress\/plugins\/seo\/ -->\n<title>USB eco 16GB - UPF-BSM Store \u00b7 Tienda online oficial<\/title>\n<meta name=\"robots\" content=\"index, follow, max-snippet:-1, max-image-preview:large, max-video-preview:-1\" \/>\n<link rel=\"canonical\" href=\"https:\/\/shop.bsm.upf.edu\/botigues\/usb-eco-16gb\/\" \/>\n<meta property=\"og:locale\" content=\"ca_ES\" \/>\n<meta property=\"og:type\" content=\"article\" \/>\n<meta property=\"og:title\" content=\"USB eco 16GB - UPF-BSM Store \u00b7 Tienda online oficial\" \/>\n<meta property=\"og:description\" content=\"Mem\u00f2ria USB de 16 GB de canya de blat.\" \/>\n<meta property=\"og:url\" content=\"https:\/\/shop.bsm.upf.edu\/botigues\/usb-eco-16gb\/\" \/>\n<meta property=\"og:site_name\" content=\"UPF-BSM Store \u00b7 Tienda online oficial\" \/>\n<meta property=\"article:modified_time\" content=\"2025-01-14T13:20:55+00:00\" \/>\n<meta property=\"og:image\" content=\"https:\/\/shop.bsm.upf.edu\/wp-content\/uploads\/2022\/02\/nature-pen-bsm-1024x1024.png\" \/>\n\t<meta property=\"og:image:width\" content=\"1024\" \/>\n\t<meta property=\"og:image:height\" content=\"1024\" \/>\n\t<meta property=\"og:image:type\" content=\"image\/png\" \/>\n<meta name=\"twitter:card\" content=\"summary_large_image\" \/>\n<meta name=\"twitter:label1\" content=\"Temps estimat de lectura\" \/>\n\t<meta name=\"twitter:data1\" content=\"1 minut\" \/>\n<script type=\"application\/ld+json\" class=\"yoast-schema-graph\">{\"@context\":\"https:\/\/schema.org\",\"@graph\":[{\"@type\":\"WebPage\",\"@id\":\"https:\/\/shop.bsm.upf.edu\/botigues\/usb-eco-16gb\/\",\"url\":\"https:\/\/shop.bsm.upf.edu\/botigues\/usb-eco-16gb\/\",\"name\":\"USB eco 16GB - UPF-BSM Store \u00b7 Tienda online oficial\",\"isPartOf\":{\"@id\":\"https:\/\/shop.bsm.upf.edu\/#website\"},\"primaryImageOfPage\":{\"@id\":\"https:\/\/shop.bsm.upf.edu\/botigues\/usb-eco-16gb\/#primaryimage\"},\"image\":{\"@id\":\"https:\/\/shop.bsm.upf.edu\/botigues\/usb-eco-16gb\/#primaryimage\"},\"thumbnailUrl\":\"https:\/\/shop.bsm.upf.edu\/wp-content\/uploads\/2022\/02\/nature-pen-bsm.png\",\"datePublished\":\"2022-02-01T11:45:50+00:00\",\"dateModified\":\"2025-01-14T13:20:55+00:00\",\"breadcrumb\":{\"@id\":\"https:\/\/shop.bsm.upf.edu\/botigues\/usb-eco-16gb\/#breadcrumb\"},\"inLanguage\":\"ca\",\"potentialAction\":[{\"@type\":\"ReadAction\",\"target\":[\"https:\/\/shop.bsm.upf.edu\/botigues\/usb-eco-16gb\/\"]}]},{\"@type\":\"ImageObject\",\"inLanguage\":\"ca\",\"@id\":\"https:\/\/shop.bsm.upf.edu\/botigues\/usb-eco-16gb\/#primaryimage\",\"url\":\"https:\/\/shop.bsm.upf.edu\/wp-content\/uploads\/2022\/02\/nature-pen-bsm.png\",\"contentUrl\":\"https:\/\/shop.bsm.upf.edu\/wp-content\/uploads\/2022\/02\/nature-pen-bsm.png\",\"width\":1028,\"height\":1028,\"caption\":\"USB 16g UPF-BSM\"},{\"@type\":\"BreadcrumbList\",\"@id\":\"https:\/\/shop.bsm.upf.edu\/botigues\/usb-eco-16gb\/#breadcrumb\",\"itemListElement\":[{\"@type\":\"ListItem\",\"position\":1,\"name\":\"Portada\",\"item\":\"https:\/\/shop.bsm.upf.edu\/\"},{\"@type\":\"ListItem\",\"position\":2,\"name\":\"Botiga\",\"item\":\"https:\/\/shop.bsm.upf.edu\/tienda\/\"},{\"@type\":\"ListItem\",\"position\":3,\"name\":\"USB eco 16GB\"}]},{\"@type\":\"WebSite\",\"@id\":\"https:\/\/shop.bsm.upf.edu\/#website\",\"url\":\"https:\/\/shop.bsm.upf.edu\/\",\"name\":\"UPF-BSM Store \u00b7 Tienda online oficial\",\"description\":\"tienda de merchandising oficial de Barcelona School of Management\",\"publisher\":{\"@id\":\"https:\/\/shop.bsm.upf.edu\/#organization\"},\"potentialAction\":[{\"@type\":\"SearchAction\",\"target\":{\"@type\":\"EntryPoint\",\"urlTemplate\":\"https:\/\/shop.bsm.upf.edu\/?s={search_term_string}\"},\"query-input\":{\"@type\":\"PropertyValueSpecification\",\"valueRequired\":true,\"valueName\":\"search_term_string\"}}],\"inLanguage\":\"ca\"},{\"@type\":\"Organization\",\"@id\":\"https:\/\/shop.bsm.upf.edu\/#organization\",\"name\":\"UPF-BSM Store \u00b7 Tienda online oficial\",\"url\":\"https:\/\/shop.bsm.upf.edu\/\",\"logo\":{\"@type\":\"ImageObject\",\"inLanguage\":\"ca\",\"@id\":\"https:\/\/shop.bsm.upf.edu\/#\/schema\/logo\/image\/\",\"url\":\"https:\/\/shop.bsm.upf.edu\/wp-content\/uploads\/2022\/02\/logo-bsm-color-01.png\",\"contentUrl\":\"https:\/\/shop.bsm.upf.edu\/wp-content\/uploads\/2022\/02\/logo-bsm-color-01.png\",\"width\":301,\"height\":80,\"caption\":\"UPF-BSM Store \u00b7 Tienda online oficial\"},\"image\":{\"@id\":\"https:\/\/shop.bsm.upf.edu\/#\/schema\/logo\/image\/\"}}]}<\/script>\n<!-- \/ Yoast SEO plugin. -->","yoast_head_json":{"title":"USB eco 16GB - UPF-BSM Store \u00b7 Tienda online oficial","robots":{"index":"index","follow":"follow","max-snippet":"max-snippet:-1","max-image-preview":"max-image-preview:large","max-video-preview":"max-video-preview:-1"},"canonical":"https:\/\/shop.bsm.upf.edu\/botigues\/usb-eco-16gb\/","og_locale":"ca_ES","og_type":"article","og_title":"USB eco 16GB - UPF-BSM Store \u00b7 Tienda online oficial","og_description":"Mem\u00f2ria USB de 16 GB de canya de blat.","og_url":"https:\/\/shop.bsm.upf.edu\/botigues\/usb-eco-16gb\/","og_site_name":"UPF-BSM Store \u00b7 Tienda online oficial","article_modified_time":"2025-01-14T13:20:55+00:00","og_image":[{"width":1024,"height":1024,"url":"https:\/\/shop.bsm.upf.edu\/wp-content\/uploads\/2022\/02\/nature-pen-bsm-1024x1024.png","type":"image\/png"}],"twitter_card":"summary_large_image","twitter_misc":{"Temps estimat de lectura":"1 minut"},"schema":{"@context":"https:\/\/schema.org","@graph":[{"@type":"WebPage","@id":"https:\/\/shop.bsm.upf.edu\/botigues\/usb-eco-16gb\/","url":"https:\/\/shop.bsm.upf.edu\/botigues\/usb-eco-16gb\/","name":"USB eco 16GB - UPF-BSM Store \u00b7 Tienda online oficial","isPartOf":{"@id":"https:\/\/shop.bsm.upf.edu\/#website"},"primaryImageOfPage":{"@id":"https:\/\/shop.bsm.upf.edu\/botigues\/usb-eco-16gb\/#primaryimage"},"image":{"@id":"https:\/\/shop.bsm.upf.edu\/botigues\/usb-eco-16gb\/#primaryimage"},"thumbnailUrl":"https:\/\/shop.bsm.upf.edu\/wp-content\/uploads\/2022\/02\/nature-pen-bsm.png","datePublished":"2022-02-01T11:45:50+00:00","dateModified":"2025-01-14T13:20:55+00:00","breadcrumb":{"@id":"https:\/\/shop.bsm.upf.edu\/botigues\/usb-eco-16gb\/#breadcrumb"},"inLanguage":"ca","potentialAction":[{"@type":"ReadAction","target":["https:\/\/shop.bsm.upf.edu\/botigues\/usb-eco-16gb\/"]}]},{"@type":"ImageObject","inLanguage":"ca","@id":"https:\/\/shop.bsm.upf.edu\/botigues\/usb-eco-16gb\/#primaryimage","url":"https:\/\/shop.bsm.upf.edu\/wp-content\/uploads\/2022\/02\/nature-pen-bsm.png","contentUrl":"https:\/\/shop.bsm.upf.edu\/wp-content\/uploads\/2022\/02\/nature-pen-bsm.png","width":1028,"height":1028,"caption":"USB 16g UPF-BSM"},{"@type":"BreadcrumbList","@id":"https:\/\/shop.bsm.upf.edu\/botigues\/usb-eco-16gb\/#breadcrumb","itemListElement":[{"@type":"ListItem","position":1,"name":"Portada","item":"https:\/\/shop.bsm.upf.edu\/"},{"@type":"ListItem","position":2,"name":"Botiga","item":"https:\/\/shop.bsm.upf.edu\/tienda\/"},{"@type":"ListItem","position":3,"name":"USB eco 16GB"}]},{"@type":"WebSite","@id":"https:\/\/shop.bsm.upf.edu\/#website","url":"https:\/\/shop.bsm.upf.edu\/","name":"UPF-BSM Store \u00b7 Tienda online oficial","description":"tienda de merchandising oficial de Barcelona School of Management","publisher":{"@id":"https:\/\/shop.bsm.upf.edu\/#organization"},"potentialAction":[{"@type":"SearchAction","target":{"@type":"EntryPoint","urlTemplate":"https:\/\/shop.bsm.upf.edu\/?s={search_term_string}"},"query-input":{"@type":"PropertyValueSpecification","valueRequired":true,"valueName":"search_term_string"}}],"inLanguage":"ca"},{"@type":"Organization","@id":"https:\/\/shop.bsm.upf.edu\/#organization","name":"UPF-BSM Store \u00b7 Tienda online oficial","url":"https:\/\/shop.bsm.upf.edu\/","logo":{"@type":"ImageObject","inLanguage":"ca","@id":"https:\/\/shop.bsm.upf.edu\/#\/schema\/logo\/image\/","url":"https:\/\/shop.bsm.upf.edu\/wp-content\/uploads\/2022\/02\/logo-bsm-color-01.png","contentUrl":"https:\/\/shop.bsm.upf.edu\/wp-content\/uploads\/2022\/02\/logo-bsm-color-01.png","width":301,"height":80,"caption":"UPF-BSM Store \u00b7 Tienda online oficial"},"image":{"@id":"https:\/\/shop.bsm.upf.edu\/#\/schema\/logo\/image\/"}}]}},"_links":{"self":[{"href":"https:\/\/shop.bsm.upf.edu\/ca\/wp-json\/wp\/v2\/product\/1367","targetHints":{"allow":["GET"]}}],"collection":[{"href":"https:\/\/shop.bsm.upf.edu\/ca\/wp-json\/wp\/v2\/product"}],"about":[{"href":"https:\/\/shop.bsm.upf.edu\/ca\/wp-json\/wp\/v2\/types\/product"}],"version-history":[{"count":2,"href":"https:\/\/shop.bsm.upf.edu\/ca\/wp-json\/wp\/v2\/product\/1367\/revisions"}],"predecessor-version":[{"id":2240,"href":"https:\/\/shop.bsm.upf.edu\/ca\/wp-json\/wp\/v2\/product\/1367\/revisions\/2240"}],"wp:featuredmedia":[{"embeddable":true,"href":"https:\/\/shop.bsm.upf.edu\/ca\/wp-json\/wp\/v2\/media\/894"}],"wp:attachment":[{"href":"https:\/\/shop.bsm.upf.edu\/ca\/wp-json\/wp\/v2\/media?parent=1367"}],"wp:term":[{"taxonomy":"product_brand","embeddable":true,"href":"https:\/\/shop.bsm.upf.edu\/ca\/wp-json\/wp\/v2\/product_brand?post=1367"},{"taxonomy":"product_cat","embeddable":true,"href":"https:\/\/shop.bsm.upf.edu\/ca\/wp-json\/wp\/v2\/product_cat?post=1367"},{"taxonomy":"product_tag","embeddable":true,"href":"https:\/\/shop.bsm.upf.edu\/ca\/wp-json\/wp\/v2\/product_tag?post=1367"}],"curies":[{"name":"wp","href":"https:\/\/api.w.org\/{rel}","templated":true}]}}